{"id":865,"date":"2023-12-13T14:06:07","date_gmt":"2023-12-13T14:06:07","guid":{"rendered":"https:\/\/cadenergia.org\/?page_id=865"},"modified":"2025-06-24T20:10:57","modified_gmt":"2025-06-24T20:10:57","slug":"sobre-nosotros","status":"publish","type":"page","link":"https:\/\/cadenergia.org\/sobre-nosotros\/","title":{"rendered":"Sobre Nosotros"},"content":{"rendered":"\t\t<div data-elementor-type=\"wp-post\" data-elementor-id=\"865\" class=\"elementor elementor-865\">\n\t\t\t\t\t\t<section class=\"elementor-section elementor-top-section elementor-element elementor-element-7527e23a elementor-section-height-min-height elementor-section-full_width elementor-section-stretched elementor-section-height-default elementor-section-items-middle\" data-id=\"7527e23a\" data-element_type=\"section\" id=\"home\" data-settings=\"{&quot;background_background&quot;:&quot;classic&quot;,&quot;stretch_section&quot;:&quot;section-stretched&quot;}\">\n\t\t\t\t\t\t\t<div class=\"elementor-background-overlay\"><\/div>\n\t\t\t\t\t\t\t<div class=\"elementor-container elementor-column-gap-default\">\n\t\t\t\t\t<div class=\"elementor-column elementor-col-50 elementor-top-column elementor-element elementor-element-46e3c576\" data-id=\"46e3c576\" data-element_type=\"column\" data-settings=\"{&quot;background_background&quot;:&quot;classic&quot;}\">\n\t\t\t<div class=\"elementor-widget-wrap elementor-element-populated\">\n\t\t\t\t\t\t<section class=\"elementor-section elementor-inner-section elementor-element elementor-element-09369bb elementor-section-height-min-height elementor-section-content-middle elementor-section-boxed elementor-section-height-default\" data-id=\"09369bb\" data-element_type=\"section\">\n\t\t\t\t\t\t<div class=\"elementor-container elementor-column-gap-default\">\n\t\t\t\t\t<div class=\"elementor-column elementor-col-100 elementor-inner-column elementor-element elementor-element-a6796ee\" data-id=\"a6796ee\" data-element_type=\"column\">\n\t\t\t<div class=\"elementor-widget-wrap elementor-element-populated\">\n\t\t\t\t\t\t<div class=\"elementor-element elementor-element-d7bd9d3 elementor-widget elementor-widget-heading\" data-id=\"d7bd9d3\" data-element_type=\"widget\" data-widget_type=\"heading.default\">\n\t\t\t\t<div class=\"elementor-widget-container\">\n\t\t\t\t\t<h2 class=\"elementor-heading-title elementor-size-default\">Sobre<\/h2>\t\t\t\t<\/div>\n\t\t\t\t<\/div>\n\t\t\t\t<div class=\"elementor-element elementor-element-000aead elementor-widget elementor-widget-heading\" data-id=\"000aead\" data-element_type=\"widget\" data-widget_type=\"heading.default\">\n\t\t\t\t<div class=\"elementor-widget-container\">\n\t\t\t\t\t<h2 class=\"elementor-heading-title elementor-size-default\">nosotros<\/h2>\t\t\t\t<\/div>\n\t\t\t\t<\/div>\n\t\t\t\t\t<\/div>\n\t\t<\/div>\n\t\t\t\t\t<\/div>\n\t\t<\/section>\n\t\t\t\t\t<\/div>\n\t\t<\/div>\n\t\t\t\t<div class=\"elementor-column elementor-col-50 elementor-top-column elementor-element elementor-element-a271958\" data-id=\"a271958\" data-element_type=\"column\">\n\t\t\t<div class=\"elementor-widget-wrap\">\n\t\t\t\t\t\t\t<\/div>\n\t\t<\/div>\n\t\t\t\t\t<\/div>\n\t\t<\/section>\n\t\t<div class=\"elementor-element elementor-element-5e0c50f e-flex e-con-boxed e-con e-parent\" data-id=\"5e0c50f\" data-element_type=\"container\">\n\t\t\t\t\t<div class=\"e-con-inner\">\n\t\t\t\t<div class=\"elementor-element elementor-element-695b2fd elementor-widget elementor-widget-text-editor\" data-id=\"695b2fd\" data-element_type=\"widget\" data-widget_type=\"text-editor.default\">\n\t\t\t\t<div class=\"elementor-widget-container\">\n\t\t\t\t\t\t\t\t\t<p>La <b>C\u00e1mara Argentina de la Energ\u00eda (CADE)<\/b>, formada por ejecutivos de empresas l\u00edderes en energ\u00eda, busca representar a todos los actores del sector, equilibrando la representaci\u00f3n.<\/p>\n<p>Inicialmente enfocada en hidrocarburos, especialmente petr\u00f3leo y gas de Vaca Muerta, CADE abarca la cadena completa, desde exploraci\u00f3n hasta distribuci\u00f3n. Con empresas como Colhu\u00e9 Huapi, ExxonMobil, Shell, entre otras, pretende ser un canal representativo para consensos a mediano y largo plazo, impulsando el desarrollo energ\u00e9tico con nuevas formas de producci\u00f3n.<\/p>\n<p>Estrat\u00e9gica para potenciar la matriz energ\u00e9tica, CADE es una voz unificada que destaca la importancia de estas empresas para el futuro del pa\u00eds.<\/p>\n<p>Su objetivo es promover el crecimiento del sector para proveer energ\u00eda abundante y accesible, cambiar de importador a exportador neto de energ\u00eda, y generar condiciones propicias para inversiones y oportunidades de exportaci\u00f3n.<\/p>\t\t\t\t\t\t\t\t<\/div>\n\t\t\t\t<\/div>\n\t\t\t\t<div class=\"elementor-element elementor-element-d501cd3 elementor-widget-divider--view-line elementor-widget elementor-widget-divider\" data-id=\"d501cd3\" data-element_type=\"widget\" data-widget_type=\"divider.default\">\n\t\t\t\t<div class=\"elementor-widget-container\">\n\t\t\t\t\t\t\t<div class=\"elementor-divider\">\n\t\t\t<span class=\"elementor-divider-separator\">\n\t\t\t\t\t\t<\/span>\n\t\t<\/div>\n\t\t\t\t\t\t<\/div>\n\t\t\t\t<\/div>\n\t\t\t\t\t<\/div>\n\t\t\t\t<\/div>\n\t\t\t\t<section class=\"elementor-section elementor-top-section elementor-element elementor-element-514b39b8 elementor-section-stretched elementor-section-boxed elementor-section-height-default elementor-section-height-default\" data-id=\"514b39b8\" data-element_type=\"section\" id=\"posts\" data-settings=\"{&quot;background_background&quot;:&quot;classic&quot;,&quot;stretch_section&quot;:&quot;section-stretched&quot;}\">\n\t\t\t\t\t\t<div class=\"elementor-container elementor-column-gap-default\">\n\t\t\t\t\t<div class=\"elementor-column elementor-col-100 elementor-top-column elementor-element elementor-element-7cf19561\" data-id=\"7cf19561\" data-element_type=\"column\">\n\t\t\t<div class=\"elementor-widget-wrap elementor-element-populated\">\n\t\t\t\t\t\t<div class=\"elementor-element elementor-element-a33e43b elementor-widget elementor-widget-shortcode\" data-id=\"a33e43b\" data-element_type=\"widget\" data-widget_type=\"shortcode.default\">\n\t\t\t\t<div class=\"elementor-widget-container\">\n\t\t\t\t\t\t\t<div class=\"elementor-shortcode\">\t<div id=\"f-posts-shortcode-1\" class=\"f-posts-shortcode\" >\n\t\t\t<\/div>\t\t\t\t\n\t<\/div>\n\t\t\t\t\t\t<\/div>\n\t\t\t\t<\/div>\n\t\t\t\t\t<\/div>\n\t\t<\/div>\n\t\t\t\t\t<\/div>\n\t\t<\/section>\n\t\t\t\t<section class=\"elementor-section elementor-top-section elementor-element elementor-element-341b90c elementor-section-height-min-height elementor-section-stretched elementor-section-boxed elementor-section-height-default elementor-section-items-middle\" data-id=\"341b90c\" data-element_type=\"section\" data-settings=\"{&quot;background_background&quot;:&quot;classic&quot;,&quot;stretch_section&quot;:&quot;section-stretched&quot;}\">\n\t\t\t\t\t\t\t<div class=\"elementor-background-overlay\"><\/div>\n\t\t\t\t\t\t\t<div class=\"elementor-container elementor-column-gap-default\">\n\t\t\t\t\t<div class=\"elementor-column elementor-col-100 elementor-top-column elementor-element elementor-element-4917a92\" data-id=\"4917a92\" data-element_type=\"column\">\n\t\t\t<div class=\"elementor-widget-wrap elementor-element-populated\">\n\t\t\t\t\t\t<div class=\"elementor-element elementor-element-5287b25 elementor-widget elementor-widget-heading\" data-id=\"5287b25\" data-element_type=\"widget\" data-widget_type=\"heading.default\">\n\t\t\t\t<div class=\"elementor-widget-container\">\n\t\t\t\t\t<p class=\"elementor-heading-title elementor-size-default\">Contactanos<\/p>\t\t\t\t<\/div>\n\t\t\t\t<\/div>\n\t\t\t\t<div class=\"elementor-element elementor-element-2fe8e86 elementor-widget-divider--view-line elementor-widget elementor-widget-divider\" data-id=\"2fe8e86\" data-element_type=\"widget\" data-widget_type=\"divider.default\">\n\t\t\t\t<div class=\"elementor-widget-container\">\n\t\t\t\t\t\t\t<div class=\"elementor-divider\">\n\t\t\t<span class=\"elementor-divider-separator\">\n\t\t\t\t\t\t<\/span>\n\t\t<\/div>\n\t\t\t\t\t\t<\/div>\n\t\t\t\t<\/div>\n\t\t\t\t<div class=\"elementor-element elementor-element-3ffcd08 elementor-widget elementor-widget-heading\" data-id=\"3ffcd08\" data-element_type=\"widget\" data-widget_type=\"heading.default\">\n\t\t\t\t<div class=\"elementor-widget-container\">\n\t\t\t\t\t<p class=\"elementor-heading-title elementor-size-default\">Por favor complet\u00e1 tus datos en el formulario<br> y te contactamos a la brevedad<\/p>\t\t\t\t<\/div>\n\t\t\t\t<\/div>\n\t\t\t\t<div class=\"elementor-element elementor-element-0b911a3 elementor-widget elementor-widget-wpforms\" data-id=\"0b911a3\" data-element_type=\"widget\" data-widget_type=\"wpforms.default\">\n\t\t\t\t<div class=\"elementor-widget-container\">\n\t\t\t\t\t<style id=\"wpforms-css-vars-elementor-widget-0b911a3\">\n\t\t\t\t.elementor-widget-wpforms.elementor-element-0b911a3 {\n\t\t\t\t--wpforms-button-background-color: #F5B51F;\n--wpforms-label-color: #FFFFFFD9;\n\n\t\t\t}\n\t\t\t<\/style><div class=\"wpforms-container wpforms-container-full wpf-center wpforms-render-modern\" id=\"wpforms-795\"><form id=\"wpforms-form-795\" class=\"wpforms-validate wpforms-form wpforms-ajax-form\" data-formid=\"795\" method=\"post\" enctype=\"multipart\/form-data\" action=\"\/wp-json\/wp\/v2\/pages\/865\" data-token=\"458a7822a4379a3ebbacd9b7493f210f\" data-token-time=\"1755988570\"><noscript class=\"wpforms-error-noscript\">Por favor, activa JavaScript en tu navegador para completar este formulario.<\/noscript><div id=\"wpforms-error-noscript\" style=\"display: none;\">Por favor, activa JavaScript en tu navegador para completar este formulario.<\/div><div class=\"wpforms-field-container\"><div id=\"wpforms-795-field_2-container\" class=\"wpforms-field wpforms-field-text wpf-center\" data-field-id=\"2\"><label class=\"wpforms-field-label\" for=\"wpforms-795-field_2\">Nombre y Apellido<\/label><input type=\"text\" id=\"wpforms-795-field_2\" class=\"wpforms-field-large\" name=\"wpforms[fields][2]\" aria-errormessage=\"wpforms-795-field_2-error\" ><\/div><div id=\"wpforms-795-field_1-container\" class=\"wpforms-field wpforms-field-text wpf-center\" data-field-id=\"1\"><label class=\"wpforms-field-label\" for=\"wpforms-795-field_1\">Email<\/label><input type=\"text\" id=\"wpforms-795-field_1\" class=\"wpforms-field-large\" name=\"wpforms[fields][1]\" aria-errormessage=\"wpforms-795-field_1-error\" ><\/div><div id=\"wpforms-795-field_3-container\" class=\"wpforms-field wpforms-field-text wpf-center\" data-field-id=\"3\"><label class=\"wpforms-field-label\" for=\"wpforms-795-field_3\">Tel\u00e9fono<\/label><input type=\"text\" id=\"wpforms-795-field_3\" class=\"wpforms-field-large\" name=\"wpforms[fields][3]\" aria-errormessage=\"wpforms-795-field_3-error\" ><\/div><div id=\"wpforms-795-field_4-container\" class=\"wpforms-field wpforms-field-textarea wpf-center\" data-field-id=\"4\"><label class=\"wpforms-field-label\" for=\"wpforms-795-field_4\">Mensaje<\/label><textarea id=\"wpforms-795-field_4\" class=\"wpforms-field-medium\" name=\"wpforms[fields][4]\" aria-errormessage=\"wpforms-795-field_4-error\" ><\/textarea><\/div><\/div><!-- .wpforms-field-container --><div class=\"wpforms-recaptcha-container wpforms-is-recaptcha wpforms-is-recaptcha-type-v2\" ><div class=\"g-recaptcha\" data-sitekey=\"6LcFfEUrAAAAAGyLObOQeszW3j_d2x4SK-NoANq2\"><\/div><input type=\"text\" name=\"g-recaptcha-hidden\" class=\"wpforms-recaptcha-hidden\" style=\"position:absolute!important;clip:rect(0,0,0,0)!important;height:1px!important;width:1px!important;border:0!important;overflow:hidden!important;padding:0!important;margin:0!important;\" data-rule-recaptcha=\"1\"><\/div><div class=\"wpforms-submit-container\" ><input type=\"hidden\" name=\"wpforms[id]\" value=\"795\"><input type=\"hidden\" name=\"page_title\" value=\"\"><input type=\"hidden\" name=\"page_url\" value=\"https:\/\/cadenergia.org\/wp-json\/wp\/v2\/pages\/865\"><input type=\"hidden\" name=\"url_referer\" value=\"http:\/\/cadenergia.org\/sobre-nosotros\/\"><button type=\"submit\" name=\"wpforms[submit]\" id=\"wpforms-submit-795\" class=\"wpforms-submit\" data-alt-text=\"Enviando...\" data-submit-text=\"Enviar\" aria-live=\"assertive\" value=\"wpforms-submit\">Enviar<\/button><img decoding=\"async\" src=\"https:\/\/cadenergia.org\/wp-content\/plugins\/wpforms-lite\/assets\/images\/submit-spin.svg\" class=\"wpforms-submit-spinner\" style=\"display: none;\" width=\"26\" height=\"26\" alt=\"Cargando\"><\/div><\/form><\/div>  <!-- .wpforms-container -->\t\t\t\t<\/div>\n\t\t\t\t<\/div>\n\t\t\t\t\t<\/div>\n\t\t<\/div>\n\t\t\t\t\t<\/div>\n\t\t<\/section>\n\t\t\t\t<\/div>\n\t\t","protected":false},"excerpt":{"rendered":"<p>Sobre nosotros La C\u00e1mara Argentina de la Energ\u00eda (CADE), formada por ejecutivos de empresas l\u00edderes en energ\u00eda, busca representar a todos los actores del sector, equilibrando la representaci\u00f3n. Inicialmente enfocada&hellip;<\/p>\n","protected":false},"author":1,"featured_media":0,"parent":0,"menu_order":0,"comment_status":"closed","ping_status":"closed","template":"elementor_theme","meta":{"_sitemap_exclude":false,"_sitemap_priority":"","_sitemap_frequency":"","_kadence_starter_templates_imported_post":false,"footnotes":""},"class_list":["post-865","page","type-page","status-publish","hentry"],"_links":{"self":[{"href":"https:\/\/cadenergia.org\/wp-json\/wp\/v2\/pages\/865","targetHints":{"allow":["GET"]}}],"collection":[{"href":"https:\/\/cadenergia.org\/wp-json\/wp\/v2\/pages"}],"about":[{"href":"https:\/\/cadenergia.org\/wp-json\/wp\/v2\/types\/page"}],"author":[{"embeddable":true,"href":"https:\/\/cadenergia.org\/wp-json\/wp\/v2\/users\/1"}],"replies":[{"embeddable":true,"href":"https:\/\/cadenergia.org\/wp-json\/wp\/v2\/comments?post=865"}],"version-history":[{"count":6,"href":"https:\/\/cadenergia.org\/wp-json\/wp\/v2\/pages\/865\/revisions"}],"predecessor-version":[{"id":1381,"href":"https:\/\/cadenergia.org\/wp-json\/wp\/v2\/pages\/865\/revisions\/1381"}],"wp:attachment":[{"href":"https:\/\/cadenergia.org\/wp-json\/wp\/v2\/media?parent=865"}],"curies":[{"name":"wp","href":"https:\/\/api.w.org\/{rel}","templated":true}]}}